{"id":76,"date":"2023-12-17T01:24:07","date_gmt":"2023-12-17T00:24:07","guid":{"rendered":"https:\/\/digiprism.fr\/?page_id=76"},"modified":"2025-06-23T15:42:37","modified_gmt":"2025-06-23T13:42:37","slug":"mon-essence","status":"publish","type":"page","link":"https:\/\/digiprism.fr\/index.php\/mon-essence\/","title":{"rendered":"Mon essence"},"content":{"rendered":"\n<figure class=\"wp-block-image alignfull size-full\"><img loading=\"lazy\" decoding=\"async\" width=\"1200\" height=\"678\" src=\"https:\/\/digiprism.fr\/wp-content\/uploads\/2025\/06\/new-site-mon-essence.jpg\" alt=\"Mon essence\" class=\"wp-image-314\" srcset=\"https:\/\/digiprism.fr\/wp-content\/uploads\/2025\/06\/new-site-mon-essence.jpg 1200w, https:\/\/digiprism.fr\/wp-content\/uploads\/2025\/06\/new-site-mon-essence-300x170.jpg 300w, https:\/\/digiprism.fr\/wp-content\/uploads\/2025\/06\/new-site-mon-essence-1024x579.jpg 1024w, https:\/\/digiprism.fr\/wp-content\/uploads\/2025\/06\/new-site-mon-essence-768x434.jpg 768w\" sizes=\"(max-width: 1200px) 100vw, 1200px\" \/><\/figure>\n\n\n\n<h3 class=\"wp-block-heading has-text-align-center\">Mon essence<\/h3>\n\n\n\n<h3 class=\"wp-block-heading has-text-align-right has-ast-global-color-1-background-color has-background\">Ma signature<\/h3>\n\n\n\n<div class=\"wp-block-columns is-layout-flex wp-container-core-columns-is-layout-1 wp-block-columns-is-layout-flex\">\n<div class=\"wp-block-column is-vertically-aligned-center is-layout-flow wp-block-column-is-layout-flow\" style=\"flex-basis:33.33%\">\n<figure class=\"wp-block-image size-full is-resized\"><img loading=\"lazy\" decoding=\"async\" width=\"612\" height=\"614\" src=\"https:\/\/digiprism.fr\/wp-content\/uploads\/2025\/06\/creer-du-lien.jpg\" alt=\"\" class=\"wp-image-300\" style=\"width:339px;height:auto\" srcset=\"https:\/\/digiprism.fr\/wp-content\/uploads\/2025\/06\/creer-du-lien.jpg 612w, https:\/\/digiprism.fr\/wp-content\/uploads\/2025\/06\/creer-du-lien-300x300.jpg 300w, https:\/\/digiprism.fr\/wp-content\/uploads\/2025\/06\/creer-du-lien-150x150.jpg 150w\" sizes=\"(max-width: 612px) 100vw, 612px\" \/><\/figure>\n<\/div>\n\n\n\n<div class=\"wp-block-column is-layout-flow wp-block-column-is-layout-flow\" style=\"flex-basis:66.66%\">\n<p><\/p>\n\n\n\n<blockquote class=\"wp-block-quote is-layout-flow wp-block-quote-is-layout-flow\">\n<p>Ma signature fait partie de mon essence. Elle r\u00e9v\u00e8le mon identit\u00e9, mes valeurs et mon style personnel d\u2019accompagnement, alliant \u00e9coute attentive et cr\u00e9ativit\u00e9.<\/p>\n\n\n\n<p>Passionn\u00e9e par la communication, le branding et le storytelling, j\u2019aide les marques \u00e0 r\u00e9v\u00e9ler leur identit\u00e9 unique et \u00e0 construire une communaut\u00e9 engag\u00e9e.<\/p>\n\n\n\n<p>J\u2019aime le marketing digital pour sa capacit\u00e9 \u00e0 connecter les bonnes personnes aux bonnes offres, produits ou services<\/p>\n\n\n\n<p>Copywriter et cr\u00e9atrice de contenu, je m\u00eale strat\u00e9gie et cr\u00e9ativit\u00e9 pour donner vie \u00e0 des communications authentiques et impactantes.<\/p>\n\n\n\n<p>Mon approche repose sur l\u2019\u00e9coute, la collaboration et la sinc\u00e9rit\u00e9, pour co-cr\u00e9er des univers de marque qui vous ressemblent et des strat\u00e9gies digitales efficaces.<\/p>\n\n\n\n<p>Je vous accompagne pour affiner votre communication, trouver vos prospects, les transformer en clients fid\u00e8les, et surtout b\u00e2tir une relation durable avec une audience engag\u00e9e.<\/p>\n<\/blockquote>\n<\/div>\n<\/div>\n\n\n\n<p><\/p>\n\n\n\n<h3 class=\"wp-block-heading\">Derri\u00e8re la marque<\/h3>\n\n\n\n<div class=\"wp-block-columns is-layout-flex wp-container-core-columns-is-layout-2 wp-block-columns-is-layout-flex\">\n<div class=\"wp-block-column is-layout-flow wp-block-column-is-layout-flow\" style=\"flex-basis:66.66%\">\n<blockquote class=\"wp-block-quote is-layout-flow wp-block-quote-is-layout-flow\">\n<p>Passionn\u00e9e par les mots depuis toujours, je suis titulaire d\u2019un Deug Lettres Modernes et Langues. Cette formation m\u2019a naturellement conduite \u00e0 explorer la cr\u00e9ation et la transmission d\u2019histoires, que ce soit en tant qu\u2019autrice-compositrice-interpr\u00e8te ou blogueuse, toujours anim\u00e9e par l\u2019envie de cr\u00e9er du lien.<\/p>\n\n\n\n<p>Curieuse et communicante de nature, j\u2019ai ensuite plong\u00e9 dans le digital en explorant le blogging et le streaming de jeux vid\u00e9o, o\u00f9 j&rsquo;ai appris \u00e0 cultiver le lien et animer des communaut\u00e9s.<\/p>\n\n\n\n<p>Pour allier cr\u00e9ativit\u00e9 et strat\u00e9gie, j\u2019ai compl\u00e9t\u00e9 mon parcours avec un Bachelor europ\u00e9en en marketing digital. Aujourd\u2019hui, j\u2019accompagne entrepreneurs et entreprises dans leur transformation digitale, m\u00ealant sensibilit\u00e9, storytelling et efficacit\u00e9.<\/p>\n<\/blockquote>\n<\/div>\n\n\n\n<div class=\"wp-block-column is-vertically-aligned-center is-layout-flow wp-block-column-is-layout-flow\" style=\"flex-basis:33.33%\">\n<figure class=\"wp-block-image size-full is-resized\"><img loading=\"lazy\" decoding=\"async\" width=\"603\" height=\"605\" src=\"https:\/\/digiprism.fr\/wp-content\/uploads\/2025\/06\/illustration-derriere-la-marque.jpg\" alt=\"\" class=\"wp-image-299\" style=\"width:339px;height:auto\" srcset=\"https:\/\/digiprism.fr\/wp-content\/uploads\/2025\/06\/illustration-derriere-la-marque.jpg 603w, https:\/\/digiprism.fr\/wp-content\/uploads\/2025\/06\/illustration-derriere-la-marque-300x300.jpg 300w, https:\/\/digiprism.fr\/wp-content\/uploads\/2025\/06\/illustration-derriere-la-marque-150x150.jpg 150w\" sizes=\"(max-width: 603px) 100vw, 603px\" \/><\/figure>\n<\/div>\n<\/div>\n\n\n\n<p><\/p>\n\n\n\n<p>Ce parcours riche nourrit aujourd\u2019hui une approche sensible et strat\u00e9gique, pens\u00e9e pour cr\u00e9er du lien et faire rayonner votre marque.<br><strong><a href=\"https:\/\/digiprism.fr\/index.php\/mes-solutions\/\" title=\"\">D\u00e9couvrez mes solutions d\u2019accompagnement<\/a><\/strong><\/p>\n","protected":false},"excerpt":{"rendered":"<p>Mon essence Ma signature Ma signature fait partie de mon essence. Elle r\u00e9v\u00e8le mon identit\u00e9, mes valeurs et mon style personnel d\u2019accompagnement, alliant \u00e9coute attentive et cr\u00e9ativit\u00e9. Passionn\u00e9e par la communication, le branding et le storytelling, j\u2019aide les marques \u00e0 r\u00e9v\u00e9ler leur identit\u00e9 unique et \u00e0 construire une communaut\u00e9 engag\u00e9e. J\u2019aime le marketing digital pour &hellip;<\/p>\n<p class=\"read-more\"> <a class=\"\" href=\"https:\/\/digiprism.fr\/index.php\/mon-essence\/\"> <span class=\"screen-reader-text\">Mon essence<\/span> Lire la suite\u00a0\u00bb<\/a><\/p>\n","protected":false},"author":1,"featured_media":0,"parent":0,"menu_order":0,"comment_status":"closed","ping_status":"closed","template":"","meta":{"om_disable_all_campaigns":false,"_monsterinsights_skip_tracking":false,"_monsterinsights_sitenote_active":false,"_monsterinsights_sitenote_note":"","_monsterinsights_sitenote_category":0,"site-sidebar-layout":"default","site-content-layout":"","ast-site-content-layout":"","site-content-style":"default","site-sidebar-style":"default","ast-global-header-display":"","ast-banner-title-visibility":"","ast-main-header-display":"","ast-hfb-above-header-display":"","ast-hfb-below-header-display":"","ast-hfb-mobile-header-display":"","site-post-title":"disabled","ast-breadcrumbs-content":"","ast-featured-img":"","footer-sml-layout":"","theme-transparent-header-meta":"","adv-header-id-meta":"","stick-header-meta":"","header-above-stick-meta":"","header-main-stick-meta":"","header-below-stick-meta":"","astra-migrate-meta-layouts":"default","ast-page-background-enabled":"default","ast-page-background-meta":{"desktop":{"background-color":"var(--ast-global-color-4)","background-image":"","background-repeat":"repeat","background-position":"center center","background-size":"auto","background-attachment":"scroll","background-type":"","background-media":"","overlay-type":"","overlay-color":"","overlay-gradient":""},"tablet":{"background-color":"","background-image":"","background-repeat":"repeat","background-position":"center center","background-size":"auto","background-attachment":"scroll","background-type":"","background-media":"","overlay-type":"","overlay-color":"","overlay-gradient":""},"mobile":{"background-color":"","background-image":"","background-repeat":"repeat","background-position":"center center","background-size":"auto","background-attachment":"scroll","background-type":"","background-media":"","overlay-type":"","overlay-color":"","overlay-gradient":""}},"ast-content-background-meta":{"desktop":{"background-color":"var(--ast-global-color-5)","background-image":"","background-repeat":"repeat","background-position":"center center","background-size":"auto","background-attachment":"scroll","background-type":"","background-media":"","overlay-type":"","overlay-color":"","overlay-gradient":""},"tablet":{"background-color":"var(--ast-global-color-5)","background-image":"","background-repeat":"repeat","background-position":"center center","background-size":"auto","background-attachment":"scroll","background-type":"","background-media":"","overlay-type":"","overlay-color":"","overlay-gradient":""},"mobile":{"background-color":"var(--ast-global-color-5)","background-image":"","background-repeat":"repeat","background-position":"center center","background-size":"auto","background-attachment":"scroll","background-type":"","background-media":"","overlay-type":"","overlay-color":"","overlay-gradient":""}},"footnotes":""},"aioseo_notices":[],"_links":{"self":[{"href":"https:\/\/digiprism.fr\/index.php\/wp-json\/wp\/v2\/pages\/76"}],"collection":[{"href":"https:\/\/digiprism.fr\/index.php\/wp-json\/wp\/v2\/pages"}],"about":[{"href":"https:\/\/digiprism.fr\/index.php\/wp-json\/wp\/v2\/types\/page"}],"author":[{"embeddable":true,"href":"https:\/\/digiprism.fr\/index.php\/wp-json\/wp\/v2\/users\/1"}],"replies":[{"embeddable":true,"href":"https:\/\/digiprism.fr\/index.php\/wp-json\/wp\/v2\/comments?post=76"}],"version-history":[{"count":24,"href":"https:\/\/digiprism.fr\/index.php\/wp-json\/wp\/v2\/pages\/76\/revisions"}],"predecessor-version":[{"id":325,"href":"https:\/\/digiprism.fr\/index.php\/wp-json\/wp\/v2\/pages\/76\/revisions\/325"}],"wp:attachment":[{"href":"https:\/\/digiprism.fr\/index.php\/wp-json\/wp\/v2\/media?parent=76"}],"curies":[{"name":"wp","href":"https:\/\/api.w.org\/{rel}","templated":true}]}}